{"id":16,"date":"2018-11-26T13:10:55","date_gmt":"2018-11-26T13:10:55","guid":{"rendered":"http:\/\/www.evawodnik.com\/2018\/?page_id=16"},"modified":"2026-02-23T08:56:54","modified_gmt":"2026-02-23T08:56:54","slug":"para-que-es-util","status":"publish","type":"page","link":"http:\/\/www.evawodnik.com\/2018\/para-que-es-util\/","title":{"rendered":"\u00bfPara qu\u00e9 es \u00fatil?"},"content":{"rendered":"[vc_row type=\u00bbin_container\u00bb full_screen_row_position=\u00bbmiddle\u00bb column_margin=\u00bbdefault\u00bb column_direction=\u00bbdefault\u00bb column_direction_tablet=\u00bbdefault\u00bb column_direction_phone=\u00bbdefault\u00bb scene_position=\u00bbcenter\u00bb text_color=\u00bbdark\u00bb text_align=\u00bbleft\u00bb row_border_radius=\u00bbnone\u00bb row_border_radius_applies=\u00bbbg\u00bb overlay_strength=\u00bb0.3&#8243; gradient_direction=\u00bbleft_to_right\u00bb shape_divider_position=\u00bbbottom\u00bb bg_image_animation=\u00bbnone\u00bb][vc_column column_padding=\u00bbno-extra-padding\u00bb column_padding_tablet=\u00bbinherit\u00bb column_padding_phone=\u00bbinherit\u00bb column_padding_position=\u00bball\u00bb background_color_opacity=\u00bb1&#8243; background_hover_color_opacity=\u00bb1&#8243; column_shadow=\u00bbnone\u00bb column_border_radius=\u00bbnone\u00bb column_link_target=\u00bb_self\u00bb gradient_direction=\u00bbleft_to_right\u00bb overlay_strength=\u00bb0.3&#8243; width=\u00bb1\/1&#8243; tablet_width_inherit=\u00bbdefault\u00bb tablet_text_alignment=\u00bbdefault\u00bb phone_text_alignment=\u00bbdefault\u00bb column_border_width=\u00bbnone\u00bb column_border_style=\u00bbsolid\u00bb bg_image_animation=\u00bbnone\u00bb]<style type=\"text\/css\">@media only screen and (min-width: 1300px) { #nectar-slider-instance-1, #nectar-slider-instance-1 .swiper-container { height: 233px; }  } @media only screen and (max-width: 1299px) { #nectar-slider-instance-1, #nectar-slider-instance-1 .swiper-container { height: 194.16666666667px; }  } @media only screen and (max-width: 1000px) { #nectar-slider-instance-1, #nectar-slider-instance-1 .swiper-container { height: 166.42857142857px; }  } @media only screen and (max-width: 690px) { #nectar-slider-instance-1, #nectar-slider-instance-1 .swiper-container { height: 86.296296296296px; }  } <\/style><div  data-transition=\"slide\" data-overall_style=\"classic\" data-flexible-height=\"\" data-animate-in-effect=\"none\" data-fullscreen=\"false\" data-button-sizing=\"regular\" data-button-styling=\"btn_with_count\" data-autorotate=\"\" data-parallax=\"false\" data-parallax-disable-mobile=\"\" data-caption-trans=\"fade_in_from_bottom\" data-parallax-style=\"bg_only\" data-bg-animation=\"none\" data-full-width=\"true\" class=\"nectar-slider-wrap \" id=\"nectar-slider-instance-1\"><div class=\"swiper-container\"  data-tho=\"auto\" data-tco=\"auto\" data-pho=\"auto\" data-pco=\"auto\" data-loop=\"false\" data-height=\"233\" data-min-height=\"\" data-arrows=\"false\" data-bullets=\"false\" data-bullet_style=\"see_through\" data-bullet_position=\"bottom\" data-desktop-swipe=\"false\" data-settings=\"\"> <div class=\"swiper-wrapper\"><div class=\"swiper-slide\" data-desktop-content-width=\"auto\" data-tablet-content-width=\"auto\" data-bg-alignment=\"center\" data-color-scheme=\"light\" data-x-pos=\"left\" data-y-pos=\"middle\" ><div class=\"slide-bg-wrap\"><div class=\"image-bg\" style=\"background-image: url(http:\/\/www.evawodnik.com\/2018\/wp-content\/uploads\/2018\/11\/22.jpg);\"> &nbsp; <\/div><\/div><div class=\"video-texture \"> <span class=\"ie-fix\"><\/span> <\/div><\/div> <!--\/swiper-slide--><\/div><div class=\"nectar-slider-loading \"> <span class=\"loading-icon none\">   <\/span> <\/div> <\/div> \r\n\t\t\t\t\t\r\n\t\t\t\t\t<\/div>[\/vc_column][\/vc_row][vc_row type=\u00bbin_container\u00bb full_screen_row_position=\u00bbmiddle\u00bb column_margin=\u00bbdefault\u00bb column_direction=\u00bbdefault\u00bb column_direction_tablet=\u00bbdefault\u00bb column_direction_phone=\u00bbdefault\u00bb scene_position=\u00bbcenter\u00bb top_padding=\u00bb60&#8243; text_color=\u00bbdark\u00bb text_align=\u00bbleft\u00bb row_border_radius=\u00bbnone\u00bb row_border_radius_applies=\u00bbbg\u00bb overlay_strength=\u00bb0.3&#8243; gradient_direction=\u00bbleft_to_right\u00bb enable_shape_divider=\u00bbtrue\u00bb shape_divider_color=\u00bb#434a5a\u00bb shape_divider_position=\u00bbtop\u00bb shape_divider_height=\u00bb80&#8243; shape_divider_bring_to_front=\u00bbtrue\u00bb bg_image_animation=\u00bbnone\u00bb shape_type=\u00bbmountains\u00bb][vc_column column_padding=\u00bbno-extra-padding\u00bb column_padding_tablet=\u00bbinherit\u00bb column_padding_phone=\u00bbinherit\u00bb column_padding_position=\u00bball\u00bb centered_text=\u00bbtrue\u00bb background_color_opacity=\u00bb1&#8243; background_hover_color_opacity=\u00bb1&#8243; column_shadow=\u00bbnone\u00bb column_border_radius=\u00bbnone\u00bb column_link_target=\u00bb_self\u00bb gradient_direction=\u00bbleft_to_right\u00bb overlay_strength=\u00bb0.3&#8243; width=\u00bb1\/1&#8243; tablet_width_inherit=\u00bbdefault\u00bb tablet_text_alignment=\u00bbdefault\u00bb phone_text_alignment=\u00bbdefault\u00bb column_border_width=\u00bbnone\u00bb column_border_style=\u00bbsolid\u00bb bg_image_animation=\u00bbnone\u00bb][vc_column_text css=\u00bb.vc_custom_1544557961133{padding-bottom: 30px !important;}\u00bb]\n<h1 style=\"text-align: center;\">\u00bfPara qu\u00e9 es \u00fatil?<\/h1>\n[\/vc_column_text][divider line_type=\u00bbFull Width Line\u00bb line_thickness=\u00bb3&#8243; divider_color=\u00bbaccent-color\u00bb animate=\u00bbyes\u00bb][\/vc_column][\/vc_row][vc_row type=\u00bbin_container\u00bb full_screen_row_position=\u00bbmiddle\u00bb column_margin=\u00bbdefault\u00bb column_direction=\u00bbdefault\u00bb column_direction_tablet=\u00bbdefault\u00bb column_direction_phone=\u00bbdefault\u00bb scene_position=\u00bbcenter\u00bb text_color=\u00bbdark\u00bb text_align=\u00bbleft\u00bb row_border_radius=\u00bbnone\u00bb row_border_radius_applies=\u00bbbg\u00bb overlay_strength=\u00bb0.3&#8243; gradient_direction=\u00bbleft_to_right\u00bb shape_divider_position=\u00bbbottom\u00bb bg_image_animation=\u00bbnone\u00bb][vc_column column_padding=\u00bbno-extra-padding\u00bb column_padding_tablet=\u00bbinherit\u00bb column_padding_phone=\u00bbinherit\u00bb column_padding_position=\u00bball\u00bb background_color_opacity=\u00bb1&#8243; background_hover_color_opacity=\u00bb1&#8243; column_shadow=\u00bbnone\u00bb column_border_radius=\u00bbnone\u00bb column_link_target=\u00bb_self\u00bb gradient_direction=\u00bbleft_to_right\u00bb overlay_strength=\u00bb0.3&#8243; width=\u00bb1\/1&#8243; tablet_width_inherit=\u00bbdefault\u00bb tablet_text_alignment=\u00bbdefault\u00bb phone_text_alignment=\u00bbdefault\u00bb column_border_width=\u00bbnone\u00bb column_border_style=\u00bbsolid\u00bb bg_image_animation=\u00bbnone\u00bb][vc_column_text]\n<h6>Para resolver alguna de estas situaciones:<\/h6>\n<p>&nbsp;<\/p>\n<h6>En etapas dif\u00edciles, momentos de desesperanza, de desconcierto, depresi\u00f3n, de p\u00e9rdida de referencias y de estr\u00e9s.<\/h6>\n<h6>Cuando la vida no tiene sentido, te sientes cansado y ya no puedes m\u00e1s, no sabes como resolver y ni siquiera qu\u00e9 resolver.<\/h6>\n<h6>Sientes que nadie te comprende. Que no comprendes a los dem\u00e1s.<\/h6>\n<h6>Te sientes perdido, desorientado. Tienes miedos que no entiendes y te bloquean para avanzar. Te sientes muy inseguro, casi paralizado.<br \/>\nTe dan miedo las reacciones de tu cuerpo, no te sientes a gusto en tu propia piel. Miedo a desarrollar enfermedades, a no valerte por ti mismo. Indecisi\u00f3n.<\/h6>\n<h6>Te das cuenta que cometes siempre el mismo error, una y otra vez y no lo puedes evitar. Te sientes in\u00fatil. Incapaz de afrontar los cambios . Muy dependiente.<\/h6>\n<h6>Te asusta la soledad y te sientes solo. Aislado. Abandonado. Te da miedo el futuro. No sabes ya ni quien eres.<\/h6>\n[\/vc_column_text][vc_column_text]\n<h6><\/h6>\n<h6><\/h6>\n<h6><\/h6>\n<h6><\/h6>\n<p>&nbsp;<\/p>\n<p>&nbsp;<\/p>\n<h6>ENGLISH<\/h6>\n<h6><\/h6>\n<p>&nbsp;<\/p>\n<h6>What is it useful for?<\/h6>\n<h6>To resolve any of these situations:<\/h6>\n<h6>In difficult times, moments of despair, confusion, depression, loss of bearings and stress.<br \/>\nWhen life seems meaningless, you feel tired and can&#8217;t go on any longer and you don&#8217;t know how to solve your problems or even what to solve.<\/h6>\n<h6>You feel that no one understands you. That you do not understand others.<\/h6>\n<h6>You feel lost, disoriented. You have fears that you do not understand and that prevent you from moving forward. You feel very insecure, almost paralysed.<br \/>\nYou are afraid of your body&#8217;s reactions, you do not feel comfortable in your own skin. Fear of developing illnesses, of not being able to fend for yourself. Indecision<\/h6>\n<h6>You realise that you always make the same mistake, over and over again. You feel useless. Unable to cope with change. Very dependent.<\/h6>\n<h6>You are afraid of loneliness and you feel alone. Isolated. Abandoned. You are afraid of the future. You no longer know who you are.<\/h6>\n[\/vc_column_text][\/vc_column][\/vc_row][vc_row type=\u00bbin_container\u00bb full_screen_row_position=\u00bbmiddle\u00bb column_margin=\u00bbdefault\u00bb column_direction=\u00bbdefault\u00bb column_direction_tablet=\u00bbdefault\u00bb column_direction_phone=\u00bbdefault\u00bb scene_position=\u00bbcenter\u00bb bottom_padding=\u00bb80&#8243; text_color=\u00bbdark\u00bb text_align=\u00bbleft\u00bb row_border_radius=\u00bbnone\u00bb row_border_radius_applies=\u00bbbg\u00bb overlay_strength=\u00bb0.3&#8243; gradient_direction=\u00bbleft_to_right\u00bb enable_shape_divider=\u00bbtrue\u00bb shape_divider_color=\u00bb#7655c8&#8243; shape_divider_position=\u00bbbottom\u00bb shape_divider_height=\u00bb80&#8243; shape_divider_bring_to_front=\u00bbtrue\u00bb bg_image_animation=\u00bbnone\u00bb shape_type=\u00bbmountains\u00bb][vc_column column_padding=\u00bbno-extra-padding\u00bb column_padding_tablet=\u00bbinherit\u00bb column_padding_phone=\u00bbinherit\u00bb column_padding_position=\u00bball\u00bb background_color_opacity=\u00bb1&#8243; background_hover_color_opacity=\u00bb1&#8243; column_shadow=\u00bbnone\u00bb column_border_radius=\u00bbnone\u00bb column_link_target=\u00bb_self\u00bb gradient_direction=\u00bbleft_to_right\u00bb overlay_strength=\u00bb0.3&#8243; width=\u00bb1\/6&#8243; tablet_width_inherit=\u00bbdefault\u00bb tablet_text_alignment=\u00bbdefault\u00bb phone_text_alignment=\u00bbdefault\u00bb column_border_width=\u00bbnone\u00bb column_border_style=\u00bbsolid\u00bb bg_image_animation=\u00bbnone\u00bb][\/vc_column][vc_column column_padding=\u00bbno-extra-padding\u00bb column_padding_tablet=\u00bbinherit\u00bb column_padding_phone=\u00bbinherit\u00bb column_padding_position=\u00bball\u00bb background_color_opacity=\u00bb1&#8243; background_hover_color_opacity=\u00bb1&#8243; column_shadow=\u00bbnone\u00bb column_border_radius=\u00bbnone\u00bb column_link_target=\u00bb_self\u00bb gradient_direction=\u00bbleft_to_right\u00bb overlay_strength=\u00bb0.3&#8243; width=\u00bb2\/3&#8243; tablet_width_inherit=\u00bbdefault\u00bb tablet_text_alignment=\u00bbdefault\u00bb phone_text_alignment=\u00bbdefault\u00bb column_border_width=\u00bbnone\u00bb column_border_style=\u00bbsolid\u00bb bg_image_animation=\u00bbnone\u00bb][toggles style=\u00bbdefault\u00bb][toggle color=\u00bbExtra-Color-2&#8243; title=\u00bbLeer m\u00e1s\u00bb][vc_column_text]\n<div style=\"margin: 20px;\">\n<p style=\"text-align: justify;\">En caso de que cualquiera de las siguientes situaciones perdure y te resulte no soportable:<\/p>\n<p>Estr\u00e9s, ansiedad, bloqueos, depresi\u00f3n, confusi\u00f3n espiritual, p\u00e9rdida de relaciones queridas, desaliento, indecisi\u00f3n, temor, abuso, abandono, ansiedad social e inseguridad, shock, negaci\u00f3n o incredulidad, ira, irritabilidad, cambios de humor, culpa, verg\u00fcenza, auto culpa, tristeza o desesperanza, miedo, ataques de p\u00e1nico, baja autoestima, dificultades para funcionar en casa o en el trabajo, duelo muy prolongado, usar habitualmente drogas o alcohol para sentirse mejor, confusi\u00f3n, dificultad para concentrarse, alejarse de los dem\u00e1s emocionalmente, adormecido, pesimismo, dificultad para confiar, insomnio o pesadillas, nerviosismo y agitaci\u00f3n, sensaci\u00f3n de estar atrapado o bloqueado. Oscuridad, dudas acerca de ti mismo.<\/p>\n<p>Si sientes que ya no puedes m\u00e1s, que necesitas romper con la situaci\u00f3n, hacer algo diferente. Te sientes atrapado, desesperado ante circunstancias muy concretas. Temas que no entiendes y no sabes c\u00f3mo salir de ellos, c\u00f3mo resolver.<\/p>\n<p>Tambi\u00e9n en caso de emergencias espirituales.<\/p>\n<p>Es \u00fatil para tomarse un tiempo para uno\/a mismo y aprender a entenderse, conocerse, aceptarse, \u201cmejorarse\u201d. Es muy \u00fatil para vivir una versi\u00f3n diferente de uno mismo, desde otra perspectiva. Para entender como funciona tu configuraci\u00f3n de personalidad. Para entender como se activan tus condicionamientos conscientes e inconscientes. Para aprender t\u00e9cnicas y herramientas a incorporar en el reportorio personal. Para comprender tus necesidades y aspiraciones m\u00e1s \u00edntimas.<\/p>\n<\/div>\n<p>&nbsp;<\/p>\n<p>ENGLISH<\/p>\n<p>&nbsp;<\/p>\n<p>If any of the following situations persist and become unbearable for you:<\/p>\n<p>Stress, anxiety, mental blocks, depression, spiritual confusion, loss of loved ones, discouragement, indecision, fear, abuse, abandonment, social anxiety and insecurity, shock, denial or disbelief, anger, irritability, mood swings, guilt, shame, self-blame, sadness or hopelessness, fear, panic attacks, low self-esteem, difficulties functioning at home or at work, prolonged grief, habitual use of drugs or alcohol to feel better, confusion, difficulty concentrating, emotional withdrawal from others, numbness, pessimism, difficulty trusting, insomnia or nightmares, nervousness and agitation, feeling trapped or stuck. Darkness, doubts about yourself.<\/p>\n<p>If you feel like you can&#8217;t take it anymore, that you need to break away from the situation, do something different. You feel trapped, desperate in very specific circumstances. Issues you don&#8217;t understand and don&#8217;t know how to get out of, how to resolve.<\/p>\n<p>Also in case of spiritual emergencies.<\/p>\n<p>It is useful to take time for yourself and learn to understand, know, accept and \u2018improve\u2019 yourself. It is very useful for experiencing a different version of yourself, from another perspective. To understand how your personality works. To understand how your conscious and unconscious conditioning is activated. To learn techniques and tools to incorporate into your personal repertoire. To understand your most intimate needs and aspirations.<\/p>\n[\/vc_column_text][\/toggle][\/toggles][\/vc_column][vc_column column_padding=\u00bbno-extra-padding\u00bb column_padding_tablet=\u00bbinherit\u00bb column_padding_phone=\u00bbinherit\u00bb column_padding_position=\u00bball\u00bb background_color_opacity=\u00bb1&#8243; background_hover_color_opacity=\u00bb1&#8243; column_shadow=\u00bbnone\u00bb column_border_radius=\u00bbnone\u00bb column_link_target=\u00bb_self\u00bb gradient_direction=\u00bbleft_to_right\u00bb overlay_strength=\u00bb0.3&#8243; width=\u00bb1\/6&#8243; tablet_width_inherit=\u00bbdefault\u00bb tablet_text_alignment=\u00bbdefault\u00bb phone_text_alignment=\u00bbdefault\u00bb column_border_width=\u00bbnone\u00bb column_border_style=\u00bbsolid\u00bb bg_image_animation=\u00bbnone\u00bb][\/vc_column][\/vc_row]\n","protected":false},"excerpt":{"rendered":"<p>[vc_row type=\u00bbin_container\u00bb full_screen_row_position=\u00bbmiddle\u00bb column_margin=\u00bbdefault\u00bb column_direction=\u00bbdefault\u00bb column_direction_tablet=\u00bbdefault\u00bb column_direction_phone=\u00bbdefault\u00bb scene_position=\u00bbcenter\u00bb text_color=\u00bbdark\u00bb text_align=\u00bbleft\u00bb row_border_radius=\u00bbnone\u00bb row_border_radius_applies=\u00bbbg\u00bb overlay_strength=\u00bb0.3&#8243; gradient_direction=\u00bbleft_to_right\u00bb shape_divider_position=\u00bbbottom\u00bb bg_image_animation=\u00bbnone\u00bb][vc_column column_padding=\u00bbno-extra-padding\u00bb column_padding_tablet=\u00bbinherit\u00bb column_padding_phone=\u00bbinherit\u00bb column_padding_position=\u00bball\u00bb background_color_opacity=\u00bb1&#8243; background_hover_color_opacity=\u00bb1&#8243; column_shadow=\u00bbnone\u00bb column_border_radius=\u00bbnone\u00bb column_link_target=\u00bb_self\u00bb&#8230;<\/p>\n","protected":false},"author":2,"featured_media":0,"parent":0,"menu_order":0,"comment_status":"closed","ping_status":"closed","template":"","meta":{"_exactmetrics_skip_tracking":false,"_exactmetrics_sitenote_active":false,"_exactmetrics_sitenote_note":"","_exactmetrics_sitenote_category":0,"footnotes":""},"class_list":["post-16","page","type-page","status-publish"],"_links":{"self":[{"href":"http:\/\/www.evawodnik.com\/2018\/wp-json\/wp\/v2\/pages\/16","targetHints":{"allow":["GET"]}}],"collection":[{"href":"http:\/\/www.evawodnik.com\/2018\/wp-json\/wp\/v2\/pages"}],"about":[{"href":"http:\/\/www.evawodnik.com\/2018\/wp-json\/wp\/v2\/types\/page"}],"author":[{"embeddable":true,"href":"http:\/\/www.evawodnik.com\/2018\/wp-json\/wp\/v2\/users\/2"}],"replies":[{"embeddable":true,"href":"http:\/\/www.evawodnik.com\/2018\/wp-json\/wp\/v2\/comments?post=16"}],"version-history":[{"count":21,"href":"http:\/\/www.evawodnik.com\/2018\/wp-json\/wp\/v2\/pages\/16\/revisions"}],"predecessor-version":[{"id":1703,"href":"http:\/\/www.evawodnik.com\/2018\/wp-json\/wp\/v2\/pages\/16\/revisions\/1703"}],"wp:attachment":[{"href":"http:\/\/www.evawodnik.com\/2018\/wp-json\/wp\/v2\/media?parent=16"}],"curies":[{"name":"wp","href":"https:\/\/api.w.org\/{rel}","templated":true}]}}